{"id":434,"date":"2024-09-28T04:37:53","date_gmt":"2024-09-28T04:37:53","guid":{"rendered":"https:\/\/morpheose.com\/?page_id=434"},"modified":"2024-10-07T04:44:25","modified_gmt":"2024-10-07T04:44:25","slug":"macro-level-global-efforts-and-advocacy","status":"publish","type":"page","link":"https:\/\/morpheose.com\/fr\/macro-level-global-efforts-and-advocacy\/","title":{"rendered":"Macro-level |Global efforts and advocacy"},"content":{"rendered":"<div data-elementor-type=\"wp-page\" data-elementor-id=\"434\" class=\"elementor elementor-434\" data-elementor-post-type=\"page\">\n\t\t\t\t<div class=\"elementor-element elementor-element-6638768 e-flex e-con-boxed e-con e-parent\" data-id=\"6638768\" data-element_type=\"container\" data-e-type=\"container\">\n\t\t\t\t\t<div class=\"e-con-inner\">\n\t\t<div class=\"elementor-element elementor-element-2000311 e-con-full e-flex e-con e-child\" data-id=\"2000311\" data-element_type=\"container\" data-e-type=\"container\" data-settings=\"{&quot;background_background&quot;:&quot;classic&quot;}\">\n\t\t\t\t<div class=\"elementor-element elementor-element-945d3da elementor-widget elementor-widget-ucaddon_dual_color_heading\" data-id=\"945d3da\" data-element_type=\"widget\" data-e-type=\"widget\" data-widget_type=\"ucaddon_dual_color_heading.default\">\n\t\t\t\t<div class=\"elementor-widget-container\">\n\t\t\t\t\t\n<!-- start Dual Color Heading -->\n\n<div class=\"ue-dual-color-heading\">\n  <h1>\n    <span class=\"ue-title-one\">Niveau Macro |<\/span> <span class=\"ue-title-two\">Efforts Globaux &amp; Sensibilisation<\/span>\n  <\/h1>\n<\/div>\n<!-- end Dual Color Heading -->\t\t\t\t<\/div>\n\t\t\t\t<\/div>\n\t\t\t\t<div class=\"elementor-element elementor-element-6e4e8bb elementor-widget elementor-widget-text-editor\" data-id=\"6e4e8bb\" data-element_type=\"widget\" data-e-type=\"widget\" data-widget_type=\"text-editor.default\">\n\t\t\t\t<div class=\"elementor-widget-container\">\n\t\t\t\t\t\t\t\t\t<p>Ces efforts de sensibilisation visent \u00e0 explorer l'interconnexion entre l'introspection individuelle et l'environnement au sens large, sous la forme d'interventions publiques, d'entretiens et de collaborations avec d'autres organisations \u0153uvrant pour un changement social positif.<\/p>\t\t\t\t\t\t\t\t<\/div>\n\t\t\t\t<\/div>\n\t\t\t\t<\/div>\n\t\t\t\t\t<\/div>\n\t\t\t\t<\/div>\n\t\t<div class=\"elementor-element elementor-element-37d816c e-flex e-con-boxed e-con e-parent\" data-id=\"37d816c\" data-element_type=\"container\" data-e-type=\"container\">\n\t\t\t\t\t<div class=\"e-con-inner\">\n\t\t\t\t<div class=\"elementor-element elementor-element-abe8ca5 elementor-widget elementor-widget-spacer\" data-id=\"abe8ca5\" data-element_type=\"widget\" data-e-type=\"widget\" data-widget_type=\"spacer.default\">\n\t\t\t\t<div class=\"elementor-widget-container\">\n\t\t\t\t\t\t\t<div class=\"elementor-spacer\">\n\t\t\t<div class=\"elementor-spacer-inner\"><\/div>\n\t\t<\/div>\n\t\t\t\t\t\t<\/div>\n\t\t\t\t<\/div>\n\t\t\t\t\t<\/div>\n\t\t\t\t<\/div>\n\t\t<div class=\"elementor-element elementor-element-bf698d8 e-flex e-con-boxed e-con e-parent\" data-id=\"bf698d8\" data-element_type=\"container\" data-e-type=\"container\">\n\t\t\t\t\t<div class=\"e-con-inner\">\n\t\t<div class=\"elementor-element elementor-element-84c0db7 e-con-full e-flex e-con e-child\" data-id=\"84c0db7\" data-element_type=\"container\" data-e-type=\"container\">\n\t\t\t\t<div class=\"elementor-element elementor-element-3db78a0 elementor-widget elementor-widget-heading\" data-id=\"3db78a0\" data-element_type=\"widget\" data-e-type=\"widget\" data-widget_type=\"heading.default\">\n\t\t\t\t<div class=\"elementor-widget-container\">\n\t\t\t\t\t<h2 class=\"elementor-heading-title elementor-size-default\">\u00c9quilibre entre agence et structure<\/h2>\t\t\t\t<\/div>\n\t\t\t\t<\/div>\n\t\t\t\t<\/div>\n\t\t<div class=\"elementor-element elementor-element-a42e103 e-con-full e-flex e-con e-child\" data-id=\"a42e103\" data-element_type=\"container\" data-e-type=\"container\">\n\t\t\t\t<div class=\"elementor-element elementor-element-e1d9bcf elementor-widget elementor-widget-text-editor\" data-id=\"e1d9bcf\" data-element_type=\"widget\" data-e-type=\"widget\" data-widget_type=\"text-editor.default\">\n\t\t\t\t<div class=\"elementor-widget-container\">\n\t\t\t\t\t\t\t\t\t<p>Les individus, en tant qu'agents, sont les maillons manquants de structures plus vastes, dans lesquelles la plupart de nos actions sont interconnect\u00e9es.<\/p><p>Si le changement et l'action viennent certainement de l'int\u00e9rieur, il existe toutefois certaines limites au bien-\u00eatre individuel qui sont <b>li\u00e9es \u00e0 des contraintes structurelles et syst\u00e9miques.<\/b><\/p><p>La vision de Morpheose est que <b>toute action dans le domaine de la sant\u00e9 mentale et du bien-\u00eatre qui ne prend pas en compte ces contraintes syst\u00e9miques finira in\u00e9vitablement par \u00e9chouer<\/b> \u00e0 atteindre les objectifs de d\u00e9veloppement social et int\u00e9rieur.<\/p>\t\t\t\t\t\t\t\t<\/div>\n\t\t\t\t<\/div>\n\t\t\t\t<\/div>\n\t\t\t\t\t<\/div>\n\t\t\t\t<\/div>\n\t\t<div class=\"elementor-element elementor-element-248b3f7 e-flex e-con-boxed e-con e-parent\" data-id=\"248b3f7\" data-element_type=\"container\" data-e-type=\"container\">\n\t\t\t\t\t<div class=\"e-con-inner\">\n\t\t<div class=\"elementor-element elementor-element-de20d85 e-con-full e-flex e-con e-child\" data-id=\"de20d85\" data-element_type=\"container\" data-e-type=\"container\">\n\t\t\t\t<div class=\"elementor-element elementor-element-ca95bc6 elementor-widget elementor-widget-heading\" data-id=\"ca95bc6\" data-element_type=\"widget\" data-e-type=\"widget\" data-widget_type=\"heading.default\">\n\t\t\t\t<div class=\"elementor-widget-container\">\n\t\t\t\t\t<h2 class=\"elementor-heading-title elementor-size-default\">La th\u00e9orie du changement de Morpheose<\/h2>\t\t\t\t<\/div>\n\t\t\t\t<\/div>\n\t\t\t\t<\/div>\n\t\t<div class=\"elementor-element elementor-element-94226b0 e-con-full e-flex e-con e-child\" data-id=\"94226b0\" data-element_type=\"container\" data-e-type=\"container\">\n\t\t\t\t<div class=\"elementor-element elementor-element-aa1f91e elementor-widget elementor-widget-heading\" data-id=\"aa1f91e\" data-element_type=\"widget\" data-e-type=\"widget\" data-widget_type=\"heading.default\">\n\t\t\t\t<div class=\"elementor-widget-container\">\n\t\t\t\t\t<h3 class=\"elementor-heading-title elementor-size-default\"><span class=\"i-circle\">1<\/span> \u00c9duquer et briser le tabou<\/h3>\t\t\t\t<\/div>\n\t\t\t\t<\/div>\n\t\t\t\t<div class=\"elementor-element elementor-element-1e248c4 elementor-widget elementor-widget-text-editor\" data-id=\"1e248c4\" data-element_type=\"widget\" data-e-type=\"widget\" data-widget_type=\"text-editor.default\">\n\t\t\t\t<div class=\"elementor-widget-container\">\n\t\t\t\t\t\t\t\t\t<p>\u00e9lever le dialogue sur la sant\u00e9 mentale, la pleine conscience et le changement, et d'amener ces sujets dans une sph\u00e8re publique plus large, sans craindre d'\u00e9voquer des sujets humains difficiles.<\/p>\t\t\t\t\t\t\t\t<\/div>\n\t\t\t\t<\/div>\n\t\t\t\t<div class=\"elementor-element elementor-element-f5e4fa8 elementor-widget elementor-widget-heading\" data-id=\"f5e4fa8\" data-element_type=\"widget\" data-e-type=\"widget\" data-widget_type=\"heading.default\">\n\t\t\t\t<div class=\"elementor-widget-container\">\n\t\t\t\t\t<h3 class=\"elementor-heading-title elementor-size-default\"><span class=\"i-circle\">2<\/span> Ouverture et tol\u00e9rance<\/h3>\t\t\t\t<\/div>\n\t\t\t\t<\/div>\n\t\t\t\t<div class=\"elementor-element elementor-element-44450f5 elementor-widget elementor-widget-text-editor\" data-id=\"44450f5\" data-element_type=\"widget\" data-e-type=\"widget\" data-widget_type=\"text-editor.default\">\n\t\t\t\t<div class=\"elementor-widget-container\">\n\t\t\t\t\t\t\t\t\t<p>au-del\u00e0 des diff\u00e9rences culturelles ou personnelles. Les actions de Morpheose sont une exploration innocente de toutes les sagesses qui visent le bien-\u00eatre global, des praticiens somatiques ou de m\u00e9ditation aux gu\u00e9risseurs traditionnels, et qui r\u00e9concilient la science moderne avec les pratiques contemplatives et indig\u00e8nes.<\/p>\t\t\t\t\t\t\t\t<\/div>\n\t\t\t\t<\/div>\n\t\t\t\t<div class=\"elementor-element elementor-element-dc39fad elementor-widget elementor-widget-heading\" data-id=\"dc39fad\" data-element_type=\"widget\" data-e-type=\"widget\" data-widget_type=\"heading.default\">\n\t\t\t\t<div class=\"elementor-widget-container\">\n\t\t\t\t\t<h3 class=\"elementor-heading-title elementor-size-default\"><span class=\"i-circle\">3<\/span> Collaboration - En nous, nous croyons.<\/h3>\t\t\t\t<\/div>\n\t\t\t\t<\/div>\n\t\t\t\t<div class=\"elementor-element elementor-element-9da4fe0 elementor-widget elementor-widget-text-editor\" data-id=\"9da4fe0\" data-element_type=\"widget\" data-e-type=\"widget\" data-widget_type=\"text-editor.default\">\n\t\t\t\t<div class=\"elementor-widget-container\">\n\t\t\t\t\t\t\t\t\t<p>nous cherchons \u00e0 b\u00e9n\u00e9ficier du pouvoir de la sagesse collective et de l'interconnexion des diff\u00e9rents domaines. Collectivement, une soci\u00e9t\u00e9 peut amplifier l'existant et le fa\u00e7onner collectivement.<\/p>\t\t\t\t\t\t\t\t<\/div>\n\t\t\t\t<\/div>\n\t\t\t\t<\/div>\n\t\t\t\t\t<\/div>\n\t\t\t\t<\/div>\n\t\t\t\t<\/div>","protected":false},"excerpt":{"rendered":"<p>Macro-level | Global efforts and advocacy These advocacy efforts aim at exploring the interconnectedness between individual introspection and the wider environment, in the forms of public interventions, interviews, and collaboration with other organizations working towards positive social change Balancing between agency and structure Individuals, as agents, are the missing links in greater structures, in which [&hellip;]<\/p>\n","protected":false},"author":10,"featured_media":0,"parent":0,"menu_order":0,"comment_status":"closed","ping_status":"closed","template":"elementor_header_footer","meta":{"footnotes":""},"class_list":["post-434","page","type-page","status-publish","hentry"],"_links":{"self":[{"href":"https:\/\/morpheose.com\/fr\/wp-json\/wp\/v2\/pages\/434","targetHints":{"allow":["GET"]}}],"collection":[{"href":"https:\/\/morpheose.com\/fr\/wp-json\/wp\/v2\/pages"}],"about":[{"href":"https:\/\/morpheose.com\/fr\/wp-json\/wp\/v2\/types\/page"}],"author":[{"embeddable":true,"href":"https:\/\/morpheose.com\/fr\/wp-json\/wp\/v2\/users\/10"}],"replies":[{"embeddable":true,"href":"https:\/\/morpheose.com\/fr\/wp-json\/wp\/v2\/comments?post=434"}],"version-history":[{"count":13,"href":"https:\/\/morpheose.com\/fr\/wp-json\/wp\/v2\/pages\/434\/revisions"}],"predecessor-version":[{"id":870,"href":"https:\/\/morpheose.com\/fr\/wp-json\/wp\/v2\/pages\/434\/revisions\/870"}],"wp:attachment":[{"href":"https:\/\/morpheose.com\/fr\/wp-json\/wp\/v2\/media?parent=434"}],"curies":[{"name":"wp","href":"https:\/\/api.w.org\/{rel}","templated":true}]}}