{"id":411,"date":"2024-09-28T03:27:07","date_gmt":"2024-09-28T03:27:07","guid":{"rendered":"https:\/\/morpheose.com\/?page_id=411"},"modified":"2024-10-07T04:43:42","modified_gmt":"2024-10-07T04:43:42","slug":"micro-level-individual-introspection","status":"publish","type":"page","link":"https:\/\/morpheose.com\/fr\/micro-level-individual-introspection\/","title":{"rendered":"Micro-level |Individual Introspection"},"content":{"rendered":"<div data-elementor-type=\"wp-page\" data-elementor-id=\"411\" class=\"elementor elementor-411\" data-elementor-post-type=\"page\">\n\t\t\t\t<div class=\"elementor-element elementor-element-d1160b3 e-flex e-con-boxed e-con e-parent\" data-id=\"d1160b3\" data-element_type=\"container\" data-e-type=\"container\">\n\t\t\t\t\t<div class=\"e-con-inner\">\n\t\t<div class=\"elementor-element elementor-element-6285730 e-con-full e-flex e-con e-child\" data-id=\"6285730\" data-element_type=\"container\" data-e-type=\"container\" data-settings=\"{&quot;background_background&quot;:&quot;classic&quot;}\">\n\t\t\t\t<div class=\"elementor-element elementor-element-4a1519f elementor-widget__width-auto elementor-widget elementor-widget-ucaddon_dual_color_heading\" data-id=\"4a1519f\" data-element_type=\"widget\" data-e-type=\"widget\" data-widget_type=\"ucaddon_dual_color_heading.default\">\n\t\t\t\t<div class=\"elementor-widget-container\">\n\t\t\t\t\t\n<!-- start Dual Color Heading -->\n\n<div class=\"ue-dual-color-heading\">\n  <h1>\n    <span class=\"ue-title-one\">Niveau Micro |<\/span> <span class=\"ue-title-two\">Introspection Invidiuelle<\/span>\n  <\/h1>\n<\/div>\n<!-- end Dual Color Heading -->\t\t\t\t<\/div>\n\t\t\t\t<\/div>\n\t\t\t\t<div class=\"elementor-element elementor-element-f544b77 elementor-widget elementor-widget-text-editor\" data-id=\"f544b77\" data-element_type=\"widget\" data-e-type=\"widget\" data-widget_type=\"text-editor.default\">\n\t\t\t\t<div class=\"elementor-widget-container\">\n\t\t\t\t\t\t\t\t\t<p>Ces s\u00e9ances sont con\u00e7ues pour aborder des sujets et des d\u00e9fis personnels essentiels, aider les participants \u00e0 identifier leurs besoins et \u00e0 initier un changement \u00e0 partir de l'int\u00e9rieur.\u00a0<\/p>\t\t\t\t\t\t\t\t<\/div>\n\t\t\t\t<\/div>\n\t\t\t\t<\/div>\n\t\t\t\t\t<\/div>\n\t\t\t\t<\/div>\n\t\t<div class=\"elementor-element elementor-element-d714290 e-flex e-con-boxed e-con e-parent\" data-id=\"d714290\" data-element_type=\"container\" data-e-type=\"container\">\n\t\t\t\t\t<div class=\"e-con-inner\">\n\t\t\t\t<div class=\"elementor-element elementor-element-c3dc409 elementor-widget elementor-widget-spacer\" data-id=\"c3dc409\" data-element_type=\"widget\" data-e-type=\"widget\" data-widget_type=\"spacer.default\">\n\t\t\t\t<div class=\"elementor-widget-container\">\n\t\t\t\t\t\t\t<div class=\"elementor-spacer\">\n\t\t\t<div class=\"elementor-spacer-inner\"><\/div>\n\t\t<\/div>\n\t\t\t\t\t\t<\/div>\n\t\t\t\t<\/div>\n\t\t\t\t\t<\/div>\n\t\t\t\t<\/div>\n\t\t<div class=\"elementor-element elementor-element-bcd0596 e-flex e-con-boxed e-con e-parent\" data-id=\"bcd0596\" data-element_type=\"container\" data-e-type=\"container\">\n\t\t\t\t\t<div class=\"e-con-inner\">\n\t\t<div class=\"elementor-element elementor-element-ac73fec e-con-full e-flex e-con e-child\" data-id=\"ac73fec\" data-element_type=\"container\" data-e-type=\"container\">\n\t\t\t\t<div class=\"elementor-element elementor-element-da4c759 elementor-widget elementor-widget-heading\" data-id=\"da4c759\" data-element_type=\"widget\" data-e-type=\"widget\" data-widget_type=\"heading.default\">\n\t\t\t\t<div class=\"elementor-widget-container\">\n\t\t\t\t\t<h2 class=\"elementor-heading-title elementor-size-default\">Un espace s\u00fbr pour l'exploration int\u00e9rieure\n<\/h2>\t\t\t\t<\/div>\n\t\t\t\t<\/div>\n\t\t\t\t<\/div>\n\t\t<div class=\"elementor-element elementor-element-ff30dd1 e-con-full e-flex e-con e-child\" data-id=\"ff30dd1\" data-element_type=\"container\" data-e-type=\"container\">\n\t\t\t\t<div class=\"elementor-element elementor-element-aab6d71 elementor-widget elementor-widget-text-editor\" data-id=\"aab6d71\" data-element_type=\"widget\" data-e-type=\"widget\" data-widget_type=\"text-editor.default\">\n\t\t\t\t<div class=\"elementor-widget-container\">\n\t\t\t\t\t\t\t\t\t<p>Les s\u00e9ances 1:1 offrent un espace s\u00fbr pour une introspection guid\u00e9e et une prise de conscience de soi, adapt\u00e9es \u00e0 l'individualit\u00e9 de chaque personne sur la base de mon exp\u00e9rience en tant que coach, formateur et praticien.<\/p>\t\t\t\t\t\t\t\t<\/div>\n\t\t\t\t<\/div>\n\t\t\t\t<\/div>\n\t\t\t\t\t<\/div>\n\t\t\t\t<\/div>\n\t\t<div class=\"elementor-element elementor-element-5d88e43 e-flex e-con-boxed e-con e-parent\" data-id=\"5d88e43\" data-element_type=\"container\" data-e-type=\"container\">\n\t\t\t\t\t<div class=\"e-con-inner\">\n\t\t<div class=\"elementor-element elementor-element-e69ee8a e-con-full e-flex e-con e-child\" data-id=\"e69ee8a\" data-element_type=\"container\" data-e-type=\"container\">\n\t\t\t\t<div class=\"elementor-element elementor-element-f8e4828 elementor-widget elementor-widget-heading\" data-id=\"f8e4828\" data-element_type=\"widget\" data-e-type=\"widget\" data-widget_type=\"heading.default\">\n\t\t\t\t<div class=\"elementor-widget-container\">\n\t\t\t\t\t<h2 class=\"elementor-heading-title elementor-size-default\">Une approche th\u00e9rapeutique du coaching<\/h2>\t\t\t\t<\/div>\n\t\t\t\t<\/div>\n\t\t\t\t<\/div>\n\t\t<div class=\"elementor-element elementor-element-b19fbb5 e-con-full e-flex e-con e-child\" data-id=\"b19fbb5\" data-element_type=\"container\" data-e-type=\"container\">\n\t\t\t\t<div class=\"elementor-element elementor-element-8a63b58 elementor-widget elementor-widget-text-editor\" data-id=\"8a63b58\" data-element_type=\"widget\" data-e-type=\"widget\" data-widget_type=\"text-editor.default\">\n\t\t\t\t<div class=\"elementor-widget-container\">\n\t\t\t\t\t\t\t\t\t<p>Nos s\u00e9ances individuelles s'apparentent au travail que les sportifs de haut niveau et les cadres sup\u00e9rieurs effectuent avec leurs entra\u00eeneurs : les clients sont les acteurs de leur propre r\u00e9ussite, mais ils peuvent n\u00e9anmoins b\u00e9n\u00e9ficier d'une assistance ext\u00e9rieure.<\/p><p>Dans notre offre, nous nous appuyons sur diverses exp\u00e9riences et \u00e9tats de conscience modifi\u00e9s, cr\u00e9\u00e9s par des techniques hypnotiques et somatiques, pour approfondir votre introspection et cibler tout obstacle per\u00e7u, travailler \u00e0 un changement de comportement, augmenter votre confiance en vos capacit\u00e9s, vous reconnecter \u00e0 vos valeurs ou trouver un sens \u00e0 votre vie.<\/p><p>Des probl\u00e8mes op\u00e9rationnels aux questions existentielles, Morpheose vous soutient dans votre d\u00e9marche visant \u00e0 int\u00e9grer davantage de conscience dans vos sch\u00e9mas naturels.<\/p>\t\t\t\t\t\t\t\t<\/div>\n\t\t\t\t<\/div>\n\t\t\t\t<\/div>\n\t\t\t\t\t<\/div>\n\t\t\t\t<\/div>\n\t\t<div class=\"elementor-element elementor-element-3c5e3d0 e-flex e-con-boxed e-con e-parent\" data-id=\"3c5e3d0\" data-element_type=\"container\" data-e-type=\"container\">\n\t\t\t\t\t<div class=\"e-con-inner\">\n\t\t<div class=\"elementor-element elementor-element-1415059 e-con-full e-flex e-con e-child\" data-id=\"1415059\" data-element_type=\"container\" data-e-type=\"container\">\n\t\t\t\t<div class=\"elementor-element elementor-element-1e23526 elementor-widget elementor-widget-heading\" data-id=\"1e23526\" data-element_type=\"widget\" data-e-type=\"widget\" data-widget_type=\"heading.default\">\n\t\t\t\t<div class=\"elementor-widget-container\">\n\t\t\t\t\t<h2 class=\"elementor-heading-title elementor-size-default\">Organisation des s\u00e9ances 1:1\n<\/h2>\t\t\t\t<\/div>\n\t\t\t\t<\/div>\n\t\t\t\t<\/div>\n\t\t<div class=\"elementor-element elementor-element-660e1ad e-con-full e-flex e-con e-child\" data-id=\"660e1ad\" data-element_type=\"container\" data-e-type=\"container\">\n\t\t\t\t<div class=\"elementor-element elementor-element-8ae8afe elementor-widget elementor-widget-text-editor\" data-id=\"8ae8afe\" data-element_type=\"widget\" data-e-type=\"widget\" data-widget_type=\"text-editor.default\">\n\t\t\t\t<div class=\"elementor-widget-container\">\n\t\t\t\t\t\t\t\t\t<p>Les s\u00e9ances 1:1 sont organis\u00e9 par cycl\u00e9es de 6 s\u00e9ances, renouvelables:<\/p>\t\t\t\t\t\t\t\t<\/div>\n\t\t\t\t<\/div>\n\t\t\t\t<div class=\"elementor-element elementor-element-91291ef elementor-widget elementor-widget-heading\" data-id=\"91291ef\" data-element_type=\"widget\" data-e-type=\"widget\" data-widget_type=\"heading.default\">\n\t\t\t\t<div class=\"elementor-widget-container\">\n\t\t\t\t\t<h3 class=\"elementor-heading-title elementor-size-default\"><span class=\"i-circle\">1<\/span> Apprendre \u00e0 se conna\u00eetre<\/h3>\t\t\t\t<\/div>\n\t\t\t\t<\/div>\n\t\t\t\t<div class=\"elementor-element elementor-element-adea2f6 elementor-widget elementor-widget-text-editor\" data-id=\"adea2f6\" data-element_type=\"widget\" data-e-type=\"widget\" data-widget_type=\"text-editor.default\">\n\t\t\t\t<div class=\"elementor-widget-container\">\n\t\t\t\t\t\t\t\t\t<ul><li>30 minutes sont offertes pour apprendre \u00e0 se conna\u00eetre<\/li><li>D\u00e9termination des objectifs et de la strat\u00e9gie globale<\/li><\/ul>\t\t\t\t\t\t\t\t<\/div>\n\t\t\t\t<\/div>\n\t\t\t\t<div class=\"elementor-element elementor-element-909f935 elementor-widget elementor-widget-heading\" data-id=\"909f935\" data-element_type=\"widget\" data-e-type=\"widget\" data-widget_type=\"heading.default\">\n\t\t\t\t<div class=\"elementor-widget-container\">\n\t\t\t\t\t<h3 class=\"elementor-heading-title elementor-size-default\"><span class=\"i-circle\">2<\/span> Exploration<\/h3>\t\t\t\t<\/div>\n\t\t\t\t<\/div>\n\t\t\t\t<div class=\"elementor-element elementor-element-874a557 elementor-widget elementor-widget-text-editor\" data-id=\"874a557\" data-element_type=\"widget\" data-e-type=\"widget\" data-widget_type=\"text-editor.default\">\n\t\t\t\t<div class=\"elementor-widget-container\">\n\t\t\t\t\t\t\t\t\t<ul><li>Familiarisation avec les techniques hypnotiques<\/li><li>Co-cr\u00e9ation d'une approche sur mesure<\/li><li>En option : suivi personnel r\u00e9gulier via WhatsApp<\/li><\/ul>\t\t\t\t\t\t\t\t<\/div>\n\t\t\t\t<\/div>\n\t\t\t\t<div class=\"elementor-element elementor-element-e0c8b5e elementor-widget elementor-widget-heading\" data-id=\"e0c8b5e\" data-element_type=\"widget\" data-e-type=\"widget\" data-widget_type=\"heading.default\">\n\t\t\t\t<div class=\"elementor-widget-container\">\n\t\t\t\t\t<h3 class=\"elementor-heading-title elementor-size-default\"><span class=\"i-circle\">3<\/span> Autonomisation<\/h3>\t\t\t\t<\/div>\n\t\t\t\t<\/div>\n\t\t\t\t<div class=\"elementor-element elementor-element-00e9d2c elementor-widget elementor-widget-text-editor\" data-id=\"00e9d2c\" data-element_type=\"widget\" data-e-type=\"widget\" data-widget_type=\"text-editor.default\">\n\t\t\t\t<div class=\"elementor-widget-container\">\n\t\t\t\t\t\t\t\t\t<ul><li>Utilisation d'ancres et de techniques auto-hypnotiques<\/li><li>Prescription des approfondissements et des exercices simples<\/li><li>En option : suivi personnel r\u00e9gulier via WhatsApp<\/li><li>En option : lectures guid\u00e9es sur mesure pour l'introspection<\/li><\/ul>\t\t\t\t\t\t\t\t<\/div>\n\t\t\t\t<\/div>\n\t\t\t\t<\/div>\n\t\t\t\t\t<\/div>\n\t\t\t\t<\/div>\n\t\t\t\t<\/div>","protected":false},"excerpt":{"rendered":"<p>Micro-level | Individual Introspection These sessions are adapted to targeting key personal topics and challenges, to help the persons\u2019 learn to observe themselves accurately, and initiate an inside-out change.\u00a0 A safe space for inner exploration 1:1 sessions offers a safe space for guided introspection and self-awareness, adapted to each person\u2019s individuality based on my experience [&hellip;]<\/p>\n","protected":false},"author":10,"featured_media":0,"parent":0,"menu_order":0,"comment_status":"closed","ping_status":"closed","template":"elementor_header_footer","meta":{"footnotes":""},"class_list":["post-411","page","type-page","status-publish","hentry"],"_links":{"self":[{"href":"https:\/\/morpheose.com\/fr\/wp-json\/wp\/v2\/pages\/411","targetHints":{"allow":["GET"]}}],"collection":[{"href":"https:\/\/morpheose.com\/fr\/wp-json\/wp\/v2\/pages"}],"about":[{"href":"https:\/\/morpheose.com\/fr\/wp-json\/wp\/v2\/types\/page"}],"author":[{"embeddable":true,"href":"https:\/\/morpheose.com\/fr\/wp-json\/wp\/v2\/users\/10"}],"replies":[{"embeddable":true,"href":"https:\/\/morpheose.com\/fr\/wp-json\/wp\/v2\/comments?post=411"}],"version-history":[{"count":20,"href":"https:\/\/morpheose.com\/fr\/wp-json\/wp\/v2\/pages\/411\/revisions"}],"predecessor-version":[{"id":862,"href":"https:\/\/morpheose.com\/fr\/wp-json\/wp\/v2\/pages\/411\/revisions\/862"}],"wp:attachment":[{"href":"https:\/\/morpheose.com\/fr\/wp-json\/wp\/v2\/media?parent=411"}],"curies":[{"name":"wp","href":"https:\/\/api.w.org\/{rel}","templated":true}]}}