{"id":368,"date":"2024-09-28T02:13:01","date_gmt":"2024-09-28T02:13:01","guid":{"rendered":"https:\/\/morpheose.com\/?page_id=368"},"modified":"2025-02-07T21:21:41","modified_gmt":"2025-02-07T21:21:41","slug":"a-word-from-the-founder","status":"publish","type":"page","link":"https:\/\/morpheose.com\/fr\/a-word-from-the-founder\/","title":{"rendered":"A word from the Founder"},"content":{"rendered":"<div data-elementor-type=\"wp-page\" data-elementor-id=\"368\" class=\"elementor elementor-368\" data-elementor-post-type=\"page\">\n\t\t\t\t<div class=\"elementor-element elementor-element-5092843 e-flex e-con-boxed e-con e-parent\" data-id=\"5092843\" data-element_type=\"container\" data-e-type=\"container\">\n\t\t\t\t\t<div class=\"e-con-inner\">\n\t\t<div class=\"elementor-element elementor-element-e1ba4f3 e-con-full e-flex e-con e-child\" data-id=\"e1ba4f3\" data-element_type=\"container\" data-e-type=\"container\" data-settings=\"{&quot;background_background&quot;:&quot;classic&quot;}\">\n\t\t\t\t<div class=\"elementor-element elementor-element-a626cfb elementor-hidden-widescreen elementor-hidden-desktop elementor-hidden-laptop elementor-hidden-tablet_extra elementor-hidden-tablet elementor-hidden-mobile_extra elementor-widget elementor-widget-image\" data-id=\"a626cfb\" data-element_type=\"widget\" data-e-type=\"widget\" data-widget_type=\"image.default\">\n\t\t\t\t<div class=\"elementor-widget-container\">\n\t\t\t\t\t\t\t\t\t\t\t\t\t\t\t<img fetchpriority=\"high\" decoding=\"async\" width=\"800\" height=\"800\" src=\"https:\/\/morpheose.com\/wp-content\/uploads\/2024\/09\/Mourad-Chouaki.png\" class=\"attachment-large size-large wp-image-373\" alt=\"Mourad Chouaki\" srcset=\"https:\/\/morpheose.com\/wp-content\/uploads\/2024\/09\/Mourad-Chouaki.png 800w, https:\/\/morpheose.com\/wp-content\/uploads\/2024\/09\/Mourad-Chouaki-300x300.png 300w, https:\/\/morpheose.com\/wp-content\/uploads\/2024\/09\/Mourad-Chouaki-150x150.png 150w, https:\/\/morpheose.com\/wp-content\/uploads\/2024\/09\/Mourad-Chouaki-768x768.png 768w\" sizes=\"(max-width: 800px) 100vw, 800px\" \/>\t\t\t\t\t\t\t\t\t\t\t\t\t\t\t<\/div>\n\t\t\t\t<\/div>\n\t\t\t\t<div class=\"elementor-element elementor-element-8dcbee7 elementor-widget__width-auto elementor-widget elementor-widget-ucaddon_dual_color_heading\" data-id=\"8dcbee7\" data-element_type=\"widget\" data-e-type=\"widget\" data-widget_type=\"ucaddon_dual_color_heading.default\">\n\t\t\t\t<div class=\"elementor-widget-container\">\n\t\t\t\t\t\n<!-- start Dual Color Heading -->\n\n<div class=\"ue-dual-color-heading\">\n  <h1>\n    <span class=\"ue-title-one\">Un mot du<\/span> <span class=\"ue-title-two\">Fondateur<\/span>\n  <\/h1>\n<\/div>\n<!-- end Dual Color Heading -->\t\t\t\t<\/div>\n\t\t\t\t<\/div>\n\t\t\t\t<div class=\"elementor-element elementor-element-d3f5b05 elementor-widget elementor-widget-text-editor\" data-id=\"d3f5b05\" data-element_type=\"widget\" data-e-type=\"widget\" data-widget_type=\"text-editor.default\">\n\t\t\t\t<div class=\"elementor-widget-container\">\n\t\t\t\t\t\t\t\t\t<p>\u200bMourad Chouaki, Fondateur de Morpheose<br \/>Formateur, Facilitateur et Praticien en Hypnoth\u00e9rapie et Introspection<\/p>\t\t\t\t\t\t\t\t<\/div>\n\t\t\t\t<\/div>\n\t\t\t\t<\/div>\n\t\t<div class=\"elementor-element elementor-element-48ad77f e-con-full elementor-hidden-mobile e-flex e-con e-child\" data-id=\"48ad77f\" data-element_type=\"container\" data-e-type=\"container\" data-settings=\"{&quot;background_background&quot;:&quot;classic&quot;}\">\n\t\t\t\t<div class=\"elementor-element elementor-element-0bfe397 elementor-widget elementor-widget-image\" data-id=\"0bfe397\" data-element_type=\"widget\" data-e-type=\"widget\" data-widget_type=\"image.default\">\n\t\t\t\t<div class=\"elementor-widget-container\">\n\t\t\t\t\t\t\t\t\t\t\t\t\t\t\t<img fetchpriority=\"high\" decoding=\"async\" width=\"800\" height=\"800\" src=\"https:\/\/morpheose.com\/wp-content\/uploads\/2024\/09\/Mourad-Chouaki.png\" class=\"attachment-large size-large wp-image-373\" alt=\"Mourad Chouaki\" srcset=\"https:\/\/morpheose.com\/wp-content\/uploads\/2024\/09\/Mourad-Chouaki.png 800w, https:\/\/morpheose.com\/wp-content\/uploads\/2024\/09\/Mourad-Chouaki-300x300.png 300w, https:\/\/morpheose.com\/wp-content\/uploads\/2024\/09\/Mourad-Chouaki-150x150.png 150w, https:\/\/morpheose.com\/wp-content\/uploads\/2024\/09\/Mourad-Chouaki-768x768.png 768w\" sizes=\"(max-width: 800px) 100vw, 800px\" \/>\t\t\t\t\t\t\t\t\t\t\t\t\t\t\t<\/div>\n\t\t\t\t<\/div>\n\t\t\t\t<\/div>\n\t\t\t\t\t<\/div>\n\t\t\t\t<\/div>\n\t\t<div class=\"elementor-element elementor-element-ca35c13 e-flex e-con-boxed e-con e-parent\" data-id=\"ca35c13\" data-element_type=\"container\" data-e-type=\"container\">\n\t\t\t\t\t<div class=\"e-con-inner\">\n\t\t<div class=\"elementor-element elementor-element-387d2f4 e-con-full e-flex e-con e-child\" data-id=\"387d2f4\" data-element_type=\"container\" data-e-type=\"container\">\n\t\t\t\t<div class=\"elementor-element elementor-element-435f565 elementor-widget elementor-widget-heading\" data-id=\"435f565\" data-element_type=\"widget\" data-e-type=\"widget\" data-widget_type=\"heading.default\">\n\t\t\t\t<div class=\"elementor-widget-container\">\n\t\t\t\t\t<h2 class=\"elementor-heading-title elementor-size-default\">Notre observation<\/h2>\t\t\t\t<\/div>\n\t\t\t\t<\/div>\n\t\t\t\t<\/div>\n\t\t<div class=\"elementor-element elementor-element-b563c48 e-con-full e-flex e-con e-child\" data-id=\"b563c48\" data-element_type=\"container\" data-e-type=\"container\">\n\t\t\t\t<div class=\"elementor-element elementor-element-9a13958 elementor-widget elementor-widget-text-editor\" data-id=\"9a13958\" data-element_type=\"widget\" data-e-type=\"widget\" data-widget_type=\"text-editor.default\">\n\t\t\t\t<div class=\"elementor-widget-container\">\n\t\t\t\t\t\t\t\t\t<p>Nous vivons \u00e0 une \u00e9poque o\u00f9 le <span style=\"color: #e4885f;\">mal-\u00eatre mental a atteint des proportions \u00e9pid\u00e9miques<\/span>, touchant tous les domaines de la vie, qu'il s'agisse de la sph\u00e8re personnelle, organisationnelle ou soci\u00e9tale. De l'augmentation du stress et de l'\u00e9puisement \u00e9motionnel \u00e0 la perte de sens des objectifs, les donn\u00e9es refl\u00e8tent une dure r\u00e9alit\u00e9. Derri\u00e8re de nombreux sympt\u00f4mes organisationnels ou physiques se cache un d\u00e9s\u00e9quilibre mental plus profond.<\/p><p>Malgr\u00e9 l'augmentation des programmes de bien-\u00eatre, le stress reste end\u00e9mique et le recours \u00e0 ces ressources reste faible. Les dirigeants comme les travailleurs luttent pour maintenir l'\u00e9quilibre, et <span style=\"color: #e4885f;\">un grand nombre d'entre eux envisagent de quitter leur emploi simplement pour prot\u00e9ger leur sant\u00e9 mentale<\/span>. Cela met en \u00e9vidence un probl\u00e8me plus large : les solutions actuelles ne permettent pas d'\u00e9tablir un lien personnel avec les gens, n\u00e9gligeant souvent les <span style=\"color: #e4885f;\">besoins subjectifs et les diverses exp\u00e9riences des individus<\/span>.<\/p><p>En outre, les programmes se transforment en une s\u00e9rie d'actions \u00e0 r\u00e9aliser qui traitent la sant\u00e9 mentale et le bien-\u00eatre comme une responsabilit\u00e9 individuelle, sans tenir compte de l'impact des structures organisationnelles, des normes culturelles et des comportements collectifs sur la sant\u00e9 mentale. La question pressante suivante se pose donc : <span style=\"color: #e4885f;\">pouvons-nous concevoir des approches du bien-\u00eatre mental qui r\u00e9sonnent vraiment, qui s'adaptent \u00e0 la vie r\u00e9elle et quotidienne des gens ?<\/span><\/p>\t\t\t\t\t\t\t\t<\/div>\n\t\t\t\t<\/div>\n\t\t\t\t<\/div>\n\t\t\t\t\t<\/div>\n\t\t\t\t<\/div>\n\t\t<div class=\"elementor-element elementor-element-a4bf396 e-flex e-con-boxed e-con e-parent\" data-id=\"a4bf396\" data-element_type=\"container\" data-e-type=\"container\">\n\t\t\t\t\t<div class=\"e-con-inner\">\n\t\t<div class=\"elementor-element elementor-element-82cee79 e-con-full e-flex e-con e-child\" data-id=\"82cee79\" data-element_type=\"container\" data-e-type=\"container\">\n\t\t\t\t<div class=\"elementor-element elementor-element-a6b2c3b elementor-widget elementor-widget-heading\" data-id=\"a6b2c3b\" data-element_type=\"widget\" data-e-type=\"widget\" data-widget_type=\"heading.default\">\n\t\t\t\t<div class=\"elementor-widget-container\">\n\t\t\t\t\t<h2 class=\"elementor-heading-title elementor-size-default\">L'origine de notre vision\n<\/h2>\t\t\t\t<\/div>\n\t\t\t\t<\/div>\n\t\t\t\t<\/div>\n\t\t<div class=\"elementor-element elementor-element-f4b34f2 e-con-full e-flex e-con e-child\" data-id=\"f4b34f2\" data-element_type=\"container\" data-e-type=\"container\">\n\t\t\t\t<div class=\"elementor-element elementor-element-d042da4 elementor-widget elementor-widget-text-editor\" data-id=\"d042da4\" data-element_type=\"widget\" data-e-type=\"widget\" data-widget_type=\"text-editor.default\">\n\t\t\t\t<div class=\"elementor-widget-container\">\n\t\t\t\t\t\t\t\t\t<p>Notre vision d\u00e9coule de notre conviction qu'il faut donner aux gens les moyens de faire preuve de compassion et d'introspection, afin qu'ils puissent trouver l'\u00e9quilibre dans des environnements exigeants. Le bien-\u00eatre mental n\u2019est plus un simple \u00ab bonus \u00bb \u2013 il constitue d\u00e9sormais une condition n\u00e9cessaire pour une vie personnelle et professionnelle \u00e9quilibr\u00e9e et durable. J\u2019ai constat\u00e9 de premi\u00e8re main, dans les r\u00f4les \u00e9xigeants que les leaders <span style=\"color: #e4885f;\">ne sont souvent pas conscients du potentiel r\u00e9el de l'intelligence \u00e9motionnelle, de la pr\u00e9sence consciente ou des sch\u00e9mas inconscients<\/span> Yet, these skills are not just qualities of great leaders; they are transformative forces for entire teams and organizations.<br \/><br \/><\/p><p>Our vision is rooted in a <span style=\"color: #e4885f;\">compr\u00e9hension psychodynamique du bien-\u00eatre mental<\/span>, qui reconna\u00eet que la sant\u00e9 des individus et des organisations est profond\u00e9ment interconnect\u00e9e. Au cours de plus de 2 000 sessions et ateliers, nous avons constat\u00e9 que la sant\u00e9 personnelle et la sant\u00e9 organisationnelle sont li\u00e9es, que <span style=\"color: #e4885f;\">a ma\u00eetrise des \u00e9motions permet de se concentrer et de collaborer<\/span>, et que les d\u00e9fis auxquels sont confront\u00e9s les individus refl\u00e8tent souvent la sant\u00e9 plus large de leurs syst\u00e8mes.<br \/><span style=\"color: #e4885f;\">La v\u00e9ritable transformation ne peut se limiter \u00e0 des techniques cognitives ou \u00e0 des solutions r\u00e9actives ; elle exige de cultiver l'alignement \u00e9motionnel, somatique et comportemental.<\/span> This is why our approach empowers people to build lasting mental agility and self-awareness through introspection, presence, and compassion.<br \/><br \/><\/p><p>Drawing from neuroscience, psychodynamic systems thinking, indigenous wisdom and even philosophy and physics, we aim to empower people with a compassionate, introspective toolkit. Our approach is not only informed by professional training and cross-disciplinary studies but also by <span style=\"color: #e4885f;\">l'exp\u00e9rience directe de personnes confront\u00e9es \u00e0 des r\u00f4les tr\u00e8s stressants et \u00e0 des environnements complexes.<\/span> This journey has shown us that mental unwellness often underlies both individual and collective challenges, creating a ripple effect that impacts every level of society.<br \/><br \/><\/p><p>By creating <span style=\"color: #e4885f;\">s\u00fbrs et immersifs pour l'introspection et la connexion<\/span>, nous aidons les gens \u00e0 prendre du recul, \u00e0 comprendre leurs sch\u00e9mas et \u00e0 cultiver la conscience de soi. Notre travail consiste \u00e0 faire le lien entre les connaissances scientifiques et l'exp\u00e9rience personnelle approfondie, afin que le bien-\u00eatre mental devienne un \u00e9l\u00e9ment <span style=\"color: #e4885f;\">pratique et transformateur dans la vie quotidienne.<\/span><\/p>\t\t\t\t\t\t\t\t<\/div>\n\t\t\t\t<\/div>\n\t\t<div class=\"elementor-element elementor-element-8634c82 e-con-full e-flex e-con e-child\" data-id=\"8634c82\" data-element_type=\"container\" data-e-type=\"container\">\n\t\t\t\t<div class=\"elementor-element elementor-element-8a0b11a elementor-widget elementor-widget-text-editor\" data-id=\"8a0b11a\" data-element_type=\"widget\" data-e-type=\"widget\" data-widget_type=\"text-editor.default\">\n\t\t\t\t<div class=\"elementor-widget-container\">\n\t\t\t\t\t\t\t\t\t<p>Nous ne voyons pas les choses telles qu'elles sont, nous les voyons telles que nous sommes.<\/p>\t\t\t\t\t\t\t\t<\/div>\n\t\t\t\t<\/div>\n\t\t\t\t<div class=\"elementor-element elementor-element-13ec543 elementor-widget__width-auto elementor-absolute elementor-view-default elementor-widget elementor-widget-icon\" data-id=\"13ec543\" data-element_type=\"widget\" data-e-type=\"widget\" data-settings=\"{&quot;_position&quot;:&quot;absolute&quot;}\" data-widget_type=\"icon.default\">\n\t\t\t\t<div class=\"elementor-widget-container\">\n\t\t\t\t\t\t\t<div class=\"elementor-icon-wrapper\">\n\t\t\t<div class=\"elementor-icon elementor-animation-grow\">\n\t\t\t<i aria-hidden=\"true\" class=\"jki jki-quote-light\"><\/i>\t\t\t<\/div>\n\t\t<\/div>\n\t\t\t\t\t\t<\/div>\n\t\t\t\t<\/div>\n\t\t\t\t<\/div>\n\t\t\t\t<\/div>\n\t\t\t\t\t<\/div>\n\t\t\t\t<\/div>\n\t\t<div class=\"elementor-element elementor-element-010577d e-flex e-con-boxed e-con e-parent\" data-id=\"010577d\" data-element_type=\"container\" data-e-type=\"container\">\n\t\t\t\t\t<div class=\"e-con-inner\">\n\t\t<div class=\"elementor-element elementor-element-56bda8d e-con-full e-flex e-con e-child\" data-id=\"56bda8d\" data-element_type=\"container\" data-e-type=\"container\">\n\t\t\t\t<div class=\"elementor-element elementor-element-24daaae elementor-widget elementor-widget-heading\" data-id=\"24daaae\" data-element_type=\"widget\" data-e-type=\"widget\" data-widget_type=\"heading.default\">\n\t\t\t\t<div class=\"elementor-widget-container\">\n\t\t\t\t\t<h2 class=\"elementor-heading-title elementor-size-default\">Pourquoi nous?\n<\/h2>\t\t\t\t<\/div>\n\t\t\t\t<\/div>\n\t\t\t\t<\/div>\n\t\t<div class=\"elementor-element elementor-element-f445210 e-con-full e-flex e-con e-child\" data-id=\"f445210\" data-element_type=\"container\" data-e-type=\"container\">\n\t\t\t\t<div class=\"elementor-element elementor-element-156d258 elementor-widget elementor-widget-text-editor\" data-id=\"156d258\" data-element_type=\"widget\" data-e-type=\"widget\" data-widget_type=\"text-editor.default\">\n\t\t\t\t<div class=\"elementor-widget-container\">\n\t\t\t\t\t\t\t\t\t<p>Morpheose propose une approche fond\u00e9e sur <span style=\"color: #e4885f;\">l'authenticit\u00e9 et la connexion humaine<\/span>, qui se distingue des programmes de bien-\u00eatre conventionnels. L'expertise vari\u00e9e de notre \u00e9quipe, qui s'\u00e9tend du stress en entreprise aux r\u00f4les humanitaires en passant par la th\u00e9rapie clinique et les neurosciences, nous permet d'aborder les d\u00e9fis du travail moderne avec v\u00e9ritable compr\u00e9hension.<\/p>\n<p>Nous ne proposonspas des solutions superficielles, une application de plus sur votre t\u00e9l\u00e9phone ou des approches universelles. <span style=\"color: #e4885f;\">Nous proposons plut\u00f4t des exp\u00e9riences immersives et personnelles qui trouvent un \u00e9cho profond et favorisent un changement durable.<\/span> Nous ne nous contentons pas de partager notre expertise ou nos connaissances acad\u00e9miques, mais nous cherchons \u00e0 \u00e9tablir un lien significatif et humain avec nos clients, en les invitant \u00e0 explorer ce qui se cache au-del\u00e0 des apparences et \u00e0 d\u00e9couvrir ce qui les motive vraiment.<br>Gr\u00e2ce \u00e0 des techniques pratiques, nous encourageons l'autonomie et la prise de conscience, en cr\u00e9ant un espace de soutien permettant aux personnes de se reconnecter \u00e0 elles-m\u00eames, \u00e0 l'abri du bruit et des exigences de la vie quotidienne.<\/p>\n<p>Nos s\u00e9ances encouragent les clients \u00e0 red\u00e9couvrir l'\u00e9quilibre et le sens de leur existence. Pour les clients habitu\u00e9s \u00e0 la pens\u00e9e critique et aux environnements de haute performance, nous leur offrons un chemin pour explorer de nouvelles dimensions de la conscience \u00e9motionnelle et de la r\u00e9silience. <span style=\"color: #e4885f;\">Notre travail traite du besoin humain de connexion, d'\u00e9quilibre et de sens dans un monde de plus en plus fragment\u00e9<\/span>. Enracin\u00e9es dans une diversit\u00e9 de perspectives culturelles et de philosophies, nos m\u00e9thodes invitent les clients \u00e0 une exp\u00e9rience d'introspection holistique, faisant du bien-\u00eatre mental une pratique v\u00e9cue et durable.<\/p>\n<p>Nous respectons le parcours de chaque individu, car nous reconnaissons que le <span style=\"color: #e4885f;\">mental wellness is a deeply personal experience<\/span>. Nous sommes l\u00e0 pour vous accompagner dans cette d\u00e9marche, pour vous aider \u00e0 trouver la clart\u00e9 et pour faire du bien-\u00eatre mental une partie int\u00e9grante et durable de votre vie. <span style=\"color: #e4885f;\">Nous comprenons les pressions, le rythme et le besoin profond de changement.<br><\/span><br>With <b>morpheose<\/b>, inner reflection becomes a lived experience, not just another checkbox.<\/p>\t\t\t\t\t\t\t\t<\/div>\n\t\t\t\t<\/div>\n\t\t\t\t<\/div>\n\t\t\t\t\t<\/div>\n\t\t\t\t<\/div>\n\t\t\t\t<\/div>","protected":false},"excerpt":{"rendered":"<p>A word from the Founder \u200bMourad Chouaki, Founder of Morpheose\u200bTrainer, Facilitator and Practitioner in Hypnotherapy and Introspection Our observation We\u2019re living in an era where mental unwellness has reached epidemic proportions, affecting all areas of life\u2014personal, organizational, societal. From rising stress and emotional exhaustion to a fractured sense of purpose, the data reflects a stark [&hellip;]<\/p>\n","protected":false},"author":10,"featured_media":0,"parent":0,"menu_order":0,"comment_status":"closed","ping_status":"closed","template":"elementor_header_footer","meta":{"footnotes":""},"class_list":["post-368","page","type-page","status-publish","hentry"],"_links":{"self":[{"href":"https:\/\/morpheose.com\/fr\/wp-json\/wp\/v2\/pages\/368","targetHints":{"allow":["GET"]}}],"collection":[{"href":"https:\/\/morpheose.com\/fr\/wp-json\/wp\/v2\/pages"}],"about":[{"href":"https:\/\/morpheose.com\/fr\/wp-json\/wp\/v2\/types\/page"}],"author":[{"embeddable":true,"href":"https:\/\/morpheose.com\/fr\/wp-json\/wp\/v2\/users\/10"}],"replies":[{"embeddable":true,"href":"https:\/\/morpheose.com\/fr\/wp-json\/wp\/v2\/comments?post=368"}],"version-history":[{"count":26,"href":"https:\/\/morpheose.com\/fr\/wp-json\/wp\/v2\/pages\/368\/revisions"}],"predecessor-version":[{"id":2432,"href":"https:\/\/morpheose.com\/fr\/wp-json\/wp\/v2\/pages\/368\/revisions\/2432"}],"wp:attachment":[{"href":"https:\/\/morpheose.com\/fr\/wp-json\/wp\/v2\/media?parent=368"}],"curies":[{"name":"wp","href":"https:\/\/api.w.org\/{rel}","templated":true}]}}