{"id":237,"date":"2024-08-29T21:26:15","date_gmt":"2024-08-29T21:26:15","guid":{"rendered":"https:\/\/morpheose.com\/?page_id=237"},"modified":"2024-10-07T04:44:41","modified_gmt":"2024-10-07T04:44:41","slug":"morpheoses-approach","status":"publish","type":"page","link":"https:\/\/morpheose.com\/fr\/morpheoses-approach\/","title":{"rendered":"Morpheose\u2019s approach"},"content":{"rendered":"<div data-elementor-type=\"wp-page\" data-elementor-id=\"237\" class=\"elementor elementor-237\" data-elementor-post-type=\"page\">\n\t\t\t\t<div class=\"elementor-element elementor-element-41305ce e-flex e-con-boxed e-con e-parent\" data-id=\"41305ce\" data-element_type=\"container\" data-e-type=\"container\">\n\t\t\t\t\t<div class=\"e-con-inner\">\n\t\t<div class=\"elementor-element elementor-element-05ae408 e-con-full e-flex e-con e-child\" data-id=\"05ae408\" data-element_type=\"container\" data-e-type=\"container\">\n\t\t\t\t<div class=\"elementor-element elementor-element-586a560 animated-slow elementor-invisible elementor-widget elementor-widget-heading\" data-id=\"586a560\" data-element_type=\"widget\" data-e-type=\"widget\" data-settings=\"{&quot;_animation&quot;:&quot;fadeInUp&quot;}\" data-widget_type=\"heading.default\">\n\t\t\t\t<div class=\"elementor-widget-container\">\n\t\t\t\t\t<h1 class=\"elementor-heading-title elementor-size-default\">L'approche de Morpheose : une compr\u00e9hension plus approfondie\n<\/h1>\t\t\t\t<\/div>\n\t\t\t\t<\/div>\n\t\t\t\t<\/div>\n\t\t<div class=\"elementor-element elementor-element-09d92ce e-con-full e-flex e-con e-child\" data-id=\"09d92ce\" data-element_type=\"container\" data-e-type=\"container\">\n\t\t\t\t<div class=\"elementor-element elementor-element-3ba233e elementor-align-right elementor-widget elementor-widget-lottie\" data-id=\"3ba233e\" data-element_type=\"widget\" data-e-type=\"widget\" data-settings=\"{&quot;source_json&quot;:{&quot;url&quot;:&quot;https:\\\/\\\/morpheose.com\\\/wp-content\\\/uploads\\\/2024\\\/08\\\/Approach.json&quot;,&quot;id&quot;:247,&quot;size&quot;:&quot;&quot;,&quot;alt&quot;:&quot;&quot;,&quot;source&quot;:&quot;library&quot;},&quot;loop&quot;:&quot;yes&quot;,&quot;lazyload&quot;:&quot;yes&quot;,&quot;source&quot;:&quot;media_file&quot;,&quot;caption_source&quot;:&quot;none&quot;,&quot;link_to&quot;:&quot;none&quot;,&quot;trigger&quot;:&quot;arriving_to_viewport&quot;,&quot;viewport&quot;:{&quot;unit&quot;:&quot;%&quot;,&quot;size&quot;:&quot;&quot;,&quot;sizes&quot;:{&quot;start&quot;:0,&quot;end&quot;:100}},&quot;play_speed&quot;:{&quot;unit&quot;:&quot;px&quot;,&quot;size&quot;:1,&quot;sizes&quot;:[]},&quot;start_point&quot;:{&quot;unit&quot;:&quot;%&quot;,&quot;size&quot;:0,&quot;sizes&quot;:[]},&quot;end_point&quot;:{&quot;unit&quot;:&quot;%&quot;,&quot;size&quot;:100,&quot;sizes&quot;:[]},&quot;renderer&quot;:&quot;svg&quot;}\" data-widget_type=\"lottie.default\">\n\t\t\t\t<div class=\"elementor-widget-container\">\n\t\t\t\t\t<div class=\"e-lottie__container\"><div class=\"e-lottie__animation\"><\/div><\/div>\t\t\t\t<\/div>\n\t\t\t\t<\/div>\n\t\t\t\t<\/div>\n\t\t\t\t\t<\/div>\n\t\t\t\t<\/div>\n\t\t<div class=\"elementor-element elementor-element-8539fe4 e-flex e-con-boxed e-con e-parent\" data-id=\"8539fe4\" data-element_type=\"container\" data-e-type=\"container\">\n\t\t\t\t\t<div class=\"e-con-inner\">\n\t\t\t\t<div class=\"elementor-element elementor-element-9bce2c5 animated-slow elementor-invisible elementor-widget elementor-widget-heading\" data-id=\"9bce2c5\" data-element_type=\"widget\" data-e-type=\"widget\" data-settings=\"{&quot;_animation&quot;:&quot;fadeInUp&quot;}\" data-widget_type=\"heading.default\">\n\t\t\t\t<div class=\"elementor-widget-container\">\n\t\t\t\t\t<h2 class=\"elementor-heading-title elementor-size-default\">Principes fondamentaux<\/h2>\t\t\t\t<\/div>\n\t\t\t\t<\/div>\n\t\t\t\t<div class=\"elementor-element elementor-element-f330a04 elementor-widget elementor-widget-text-editor\" data-id=\"f330a04\" data-element_type=\"widget\" data-e-type=\"widget\" data-widget_type=\"text-editor.default\">\n\t\t\t\t<div class=\"elementor-widget-container\">\n\t\t\t\t\t\t\t\t\t<p>Morpheose allie la surveillance \u00e9clair\u00e9e du parapentiste et la recherche approfondie du plongeur sous-marin. En adoptant cette approche \u00e0 la fois globale et analytique, nous offrons une lentille unique pour am\u00e9liorer la clart\u00e9 mentale et la prise de d\u00e9cision strat\u00e9gique.<\/p>\t\t\t\t\t\t\t\t<\/div>\n\t\t\t\t<\/div>\n\t\t\t\t\t<\/div>\n\t\t\t\t<\/div>\n\t\t<div class=\"elementor-element elementor-element-573c35f e-flex e-con-boxed e-con e-parent\" data-id=\"573c35f\" data-element_type=\"container\" data-e-type=\"container\">\n\t\t\t\t\t<div class=\"e-con-inner\">\n\t\t\t\t<div class=\"elementor-element elementor-element-78f3176 animated-slow elementor-invisible elementor-widget elementor-widget-heading\" data-id=\"78f3176\" data-element_type=\"widget\" data-e-type=\"widget\" data-settings=\"{&quot;_animation&quot;:&quot;fadeInUp&quot;}\" data-widget_type=\"heading.default\">\n\t\t\t\t<div class=\"elementor-widget-container\">\n\t\t\t\t\t<h2 class=\"elementor-heading-title elementor-size-default\">Tout d'abord, un voyage \u00e0 travers l'histoire<\/h2>\t\t\t\t<\/div>\n\t\t\t\t<\/div>\n\t\t\t\t<div class=\"elementor-element elementor-element-b0e59b3 elementor-widget elementor-widget-text-editor\" data-id=\"b0e59b3\" data-element_type=\"widget\" data-e-type=\"widget\" data-widget_type=\"text-editor.default\">\n\t\t\t\t<div class=\"elementor-widget-container\">\n\t\t\t\t\t\t\t\t\t<p>Nos principes refl\u00e8tent une lign\u00e9e de pens\u00e9es s'\u00e9tendant sur plusieurs si\u00e8cles:<\/p><ul><li>De nombreuses philosophies anciennes consid\u00e8rent la conscience comme une exp\u00e9rience holistique qui englobe l'environnement, la communaut\u00e9 et le monde spirituel. Elles pr\u00f4nent une \u00ab \u00e9coute int\u00e9rieure \u00bb de la sagesse des anc\u00eatres et de la nature, consid\u00e9rant le subconscient comme une source d'intuition et d'orientation qui nous relie \u00e0 l'ensemble du vivant.<\/li><li>Dans les traditions mystiques des philosophies orientales, l'accent est mis sur la transcendance de l'ego pour d\u00e9couvrir une r\u00e9alit\u00e9 int\u00e9rieure plus profonde, par le biais de l'autor\u00e9flexion et de l'introspection. Ce voyage int\u00e9rieur est consid\u00e9r\u00e9 comme essentiel \u00e0 la croissance personnelle et \u00e0 l'illumination, permettant de r\u00e9v\u00e9ler des couches de l'inconscient impr\u00e9gn\u00e9es de v\u00e9rit\u00e9s et d'intuitions universelles.<\/li><li>Leibniz a postul\u00e9 l'existence de \u00ab petites perceptions \u00bb, \u00e0 savoir des changements subtils au sein de l'\u00e2me qui \u00e9chappent \u00e0 notre conscience, sugg\u00e9rant ainsi l'existence d'un monde complexe de processus inconscients.<\/li><li>Freud a pr\u00e9sent\u00e9 l'inconscient comme un d\u00e9p\u00f4t de souvenirs et de d\u00e9sirs refoul\u00e9s, une partie cach\u00e9e de notre psych\u00e9 qui influence grandement notre comportement.<\/li><li>Jung a \u00e9tendu ce concept \u00e0 l'\u00ab inconscient collectif \u00bb, un r\u00e9servoir commun d'arch\u00e9types qui influence la psych\u00e9 individuelle et collective.<\/li><li>Kahnemann, laur\u00e9at du prix Nobel, a \u00e9lucid\u00e9 la dualit\u00e9 de l'esprit humain en distinguant ce que nous contr\u00f4lons consciemment de ce qui fonctionne automatiquement, influant ainsi sur l'\u00e9conomie comportementale.<\/li><\/ul><p>Il est essentiel de comprendre qu'il s'agit de \u00ab repr\u00e9sentations d'un concept \u00bb et non de v\u00e9rit\u00e9s absolues. Les \u00e9tudes comportementales contemporaines et les neurosciences continuent d'explorer le \u00ab moi dialogique \u00bb, apportant la preuve d'une conversation interne permanente entre les diff\u00e9rents aspects de la personnalit\u00e9.<\/p>\t\t\t\t\t\t\t\t<\/div>\n\t\t\t\t<\/div>\n\t\t\t\t\t<\/div>\n\t\t\t\t<\/div>\n\t\t<div class=\"elementor-element elementor-element-dadc0b3 e-flex e-con-boxed e-con e-parent\" data-id=\"dadc0b3\" data-element_type=\"container\" data-e-type=\"container\">\n\t\t\t\t\t<div class=\"e-con-inner\">\n\t\t\t\t<div class=\"elementor-element elementor-element-b155b57 animated-slow elementor-invisible elementor-widget elementor-widget-heading\" data-id=\"b155b57\" data-element_type=\"widget\" data-e-type=\"widget\" data-settings=\"{&quot;_animation&quot;:&quot;fadeInUp&quot;}\" data-widget_type=\"heading.default\">\n\t\t\t\t<div class=\"elementor-widget-container\">\n\t\t\t\t\t<h2 class=\"elementor-heading-title elementor-size-default\">Les trois niveaux de focalisation de Morpheose<\/h2>\t\t\t\t<\/div>\n\t\t\t\t<\/div>\n\t\t\t\t<div class=\"elementor-element elementor-element-5833966 elementor-widget elementor-widget-text-editor\" data-id=\"5833966\" data-element_type=\"widget\" data-e-type=\"widget\" data-widget_type=\"text-editor.default\">\n\t\t\t\t<div class=\"elementor-widget-container\">\n\t\t\t\t\t\t\t\t\t<p>Notre approche examine m\u00e9ticuleusement les niveaux micro, m\u00e9so et macro, en reconnaissant la complexit\u00e9 des exp\u00e9riences individuelles au sein des dynamiques de groupe et des syst\u00e8mes globaux plus vastes.<\/p>\t\t\t\t\t\t\t\t<\/div>\n\t\t\t\t<\/div>\n\t\t\t\t\t<\/div>\n\t\t\t\t<\/div>\n\t\t<div class=\"elementor-element elementor-element-31630cc e-flex e-con-boxed e-con e-parent\" data-id=\"31630cc\" data-element_type=\"container\" data-e-type=\"container\">\n\t\t\t\t\t<div class=\"e-con-inner\">\n\t\t<div class=\"elementor-element elementor-element-765d0de e-con-full e-flex e-con e-child\" data-id=\"765d0de\" data-element_type=\"container\" data-e-type=\"container\">\n\t\t\t\t<div class=\"elementor-element elementor-element-78821ad jkit-equal-height-disable elementor-widget elementor-widget-jkit_icon_box\" data-id=\"78821ad\" data-element_type=\"widget\" data-e-type=\"widget\" data-widget_type=\"jkit_icon_box.default\">\n\t\t\t\t<div class=\"elementor-widget-container\">\n\t\t\t\t\t<div  class=\"jeg-elementor-kit jkit-icon-box icon-position- elementor-animation-float jeg_module___6a0981eac632b\" ><div class=\"jkit-icon-box-wrapper hover-from-left\"><div class=\"icon-box icon-box-header elementor-animation-float\"><div class=\"icon style-gradient\"><svg xmlns=\"http:\/\/www.w3.org\/2000\/svg\" id=\"Layer_2\" data-name=\"Layer 2\" viewbox=\"0 0 466.78 512\"><defs><style>      .cls-1 {        fill: #002345;        stroke-width: 0px;      }    <\/style><\/defs><g id=\"Outline\"><g><path class=\"cls-1\" d=\"M396.86,416.58c-1.25-3.95-5.46-6.14-9.41-4.9-3.95,1.25-6.14,5.46-4.9,9.41,2.04,6.46,4.4,13.33,7.02,20.4,1.27,3.42,1.04,7.08-.65,10.31-1.68,3.21-4.53,5.48-8.04,6.38l-149.07,38.43c-6.11,1.58-12.5-1.64-14.87-7.48-8.9-21.91-29.72-73.22-82.69-66.04-3.72.5-7.42,1.02-11.07,1.54-18.06,2.54-36.74,5.16-45.14,3.79-17.8-2.91-27.57-10.29-30.75-23.2-2.04-8.2.49-14.18,3.97-19.83,3.92-7.01.65-15.29-4.63-18.94-3.53-2.44-7.47-4.03-10.33-4.98-.08-1.62.69-4.08,4.57-6.88,1.65-1.19,2.74-2.99,3.03-4.99.3-2.01-.24-4.05-1.47-5.66.05-.47-6.86-7.4-14.36-13.88,6.21-4.42,18.07-14.41,16.53-25.47-.65-4.63-3.82-10.88-15.3-14.41-12.56-3.86-14.3-8.72-14.31-13.39-.01-4.77,2.82-7.72,9.59-12.93,10.71-8.24,22.94-18.96,32.5-35.98,3.19-5.68,3.57-12.62,1.02-18.56-1.51-3.52-3.61-6.85-5.65-10.07-3.12-4.95-6.35-10.06-5.6-13.28.41-1.76,1.52-4.09,2.8-6.8,3.1-6.56,7.35-15.54,8.24-29.19.32-4.98.89-9.93,1.68-14.69.67-4.09-2.09-7.95-6.18-8.62-4.09-.67-7.95,2.09-8.62,6.18-.87,5.25-1.49,10.69-1.84,16.16-.7,10.8-3.96,17.68-6.83,23.76-1.58,3.34-3.07,6.49-3.85,9.81-2.17,9.33,2.98,17.49,7.53,24.69,1.8,2.85,3.5,5.55,4.55,7.98.72,1.68.6,3.66-.32,5.29-6.64,11.82-14.92,20.93-28.57,31.44C9.28,256.71-.03,263.88,0,276.82c.03,13.31,8.41,22.63,24.9,27.7,3.2.98,4.43,1.94,4.81,2.31-.46,2.51-6.24,8.38-12.04,12.16-.82.53-1.52,1.22-2.08,2.02-3.33,4.8-4.96,14.59,4.2,21.9,2.5,1.99,4.54,3.81,6.15,5.34-6.77,8.72-5.02,18.41-1.44,23.67,2.77,3.77,7.31,2.96,13.34,6.71-3.26,5.71-8.65,15.28-5.13,30.18,4.66,18.94,19.09,30.52,42.89,34.42,10.65,1.74,28.72-.8,49.65-3.73,3.63-.51,7.31-1.03,11-1.53,36.41-4.93,53.61,24.39,66.78,56.82,4.3,10.59,14.64,17.23,25.66,17.23,2.27,0,4.57-.28,6.85-.87l149.07-38.43c7.56-1.95,13.98-7.04,17.59-13.96,3.63-6.94,4.14-15.13,1.42-22.47-2.54-6.84-4.82-13.46-6.78-19.69h0Z\"><\/path><path class=\"cls-1\" d=\"M387.73,41.71C346.27,15.2,289.29,0,231.38,0c-38.87,0-75.47,8.4-105.84,24.29-32.6,17.06-56.94,42.37-70.4,73.2-1.66,3.8.08,8.22,3.87,9.88,3.8,1.65,8.22-.08,9.88-3.87C92.71,48.91,154.98,15,231.38,15c55.12,0,109.16,14.34,148.27,39.35,47.19,30.18,72.13,75.17,72.13,130.12,0,68.1-8.95,96-68.22,149.64-10.63,9.62-13.79,26.66-9.65,52.11.6,3.68,3.78,6.3,7.39,6.3.4,0,.81-.03,1.21-.1,4.09-.67,6.86-4.52,6.2-8.61-3.17-19.47-1.47-32.81,4.91-38.58,62.58-56.63,73.15-89.81,73.15-160.76,0-60.32-27.34-109.69-79.05-142.76h0Z\"><\/path><path class=\"cls-1\" d=\"M127.17,256.95c2.71.43,5.44.64,8.15.64,9.84,0,19.51-2.79,27.85-7.95,5.96,13.18,18.23,23.19,33.33,25.58,4.23.67,8.48.73,12.67.17,1.85,1.88,3.9,3.52,6.09,4.94l23.5,57.65c3.09,7.59,10.04,13.1,18.14,14.38l24.45,3.87c.78.12,1.56.19,2.33.19,4.21,0,8.22-1.81,11.04-5.06,3.34-3.85,4.44-9.05,2.94-13.92l-8.72-28.39c2.28.41,4.69.62,9.13.45,6.86,6.89,15.75,11.46,25.43,12.99,2.44.39,4.89.58,7.31.58,9.66,0,19.04-3.03,27-8.82,9.97-7.24,16.51-17.93,18.44-30.09.22-1.39.37-2.79.46-4.19,3.82-1.78,7.5-3.93,10.98-6.47,14.14-10.27,23.43-25.43,26.16-42.69,2.28-14.36-.26-28.87-7.15-41.5,7.62-8.16,12.67-18.45,14.43-29.56,2.35-14.84-1.22-29.71-10.05-41.86-7.96-10.96-19.34-18.53-32.39-21.64-6.79-19.44-23.72-33.74-44.31-37-13.85-2.2-27.8.83-39.38,8.34-8.41-10.56-19.88-18.24-32.97-21.97-3.98-1.14-8.13,1.18-9.27,5.16-1.14,3.98,1.18,8.13,5.16,9.27,12.11,3.45,22.4,11.3,28.99,22.11,1.15,1.89,3.09,3.18,5.28,3.51,2.2.34,4.42-.32,6.08-1.79,9.27-8.17,21.57-11.74,33.75-9.82,16.28,2.58,29.44,14.57,33.52,30.55.75,2.92,3.17,5.11,6.16,5.56l.31.04c10.88,1.73,20.44,7.58,26.92,16.5s9.1,19.82,7.37,30.7c-1.54,9.71-6.52,18.57-14.01,24.95-2.92,2.48-3.5,6.76-1.35,9.93,7.22,10.64,10.09,23.49,8.08,36.19-2.11,13.3-9.27,24.98-20.16,32.9-10.9,7.92-24.22,11.11-37.52,9.01-8.08-1.28-15.6-4.45-22.07-9.24,1.74-2.87,3.2-5.95,4.33-9.23,1.35-3.92-.73-8.19-4.64-9.54-3.92-1.35-8.19.73-9.54,4.64-5.24,15.16-20.56,24.34-36.41,21.82-4.77-.76-9.22-2.5-13.22-5.18-3.01-2.02-7.04-1.59-9.56,1.01-4.83,4.98-11.79,7.31-18.63,6.23-5.46-.86-10.3-3.77-13.64-8.18-1.8-2.38-4.84-3.47-7.75-2.76-3.74.91-7.58,1.06-11.41.45-14.94-2.37-25.69-16.02-24.49-31.08.3-3.7-2.16-7.06-5.77-7.9-7.41-1.73-12.5-8.51-12.11-16.12.26-5.02,2.81-9.5,7-12.29,3.45-2.3,4.38-6.95,2.08-10.4-2.3-3.45-6.95-4.38-10.4-2.08-8.06,5.37-13.16,14.34-13.66,24-.66,12.76,6.58,24.33,17.81,29.49-8.32,6.87-18.99,9.83-29.79,8.12-20.51-3.25-34.55-22.57-31.3-43.08.93-5.85,3.14-11.25,6.59-16.04,1.68-2.34,1.87-5.43.5-7.96-4.68-8.61-6.35-18.29-4.81-27.98,2.94-18.56,17.34-33.26,35.84-36.59,3.08-.55,5.49-2.96,6.05-6.03,3.52-19.24,22.1-32.4,41.42-29.35,4.09.65,8,1.97,11.63,3.94,3.2,1.73,7.19.92,9.45-1.93,5.94-7.48,13.84-13.1,22.86-16.23,3.91-1.36,5.98-5.64,4.62-9.55-1.36-3.91-5.63-5.98-9.55-4.62-9.82,3.42-18.62,9.09-25.75,16.57-3.51-1.39-7.16-2.39-10.91-2.99-13.33-2.11-26.73,1.03-37.74,8.84-9.6,6.81-16.44,16.52-19.63,27.69-22.39,6.01-39.43,24.71-43.1,47.91-1.82,11.47-.29,22.93,4.42,33.4-3.39,5.7-5.64,11.93-6.69,18.58-4.54,28.68,15.1,55.7,43.77,60.24h0ZM349.39,286.03c3.84,0,7.64-.35,11.38-1.02-1.83,6.88-5.93,12.88-11.76,17.12-6.72,4.88-14.94,6.86-23.15,5.56-7.49-1.19-14.27-5.06-19.1-10.91-1.76-2.13-4.55-3.12-7.26-2.58-2.51.51-5.08.56-7.64.15-3.02-.48-5.9-1.6-8.43-3.25l-2.13-6.94c10.56-.66,20.47-4.79,28.3-11.53,8.57,6.55,18.62,10.87,29.43,12.58,3.47.55,6.93.82,10.37.82h0ZM256.5,279.07c2.74,1.39,5.61,2.51,8.57,3.35l18.11,58.92-23.92-3.79c-2.94-.47-5.47-2.47-6.59-5.23l-18.84-46.21c6.74.32,15.81-2.01,22.68-7.04Z\"><\/path><\/g><\/g><\/svg><\/div><\/div><div class=\"icon-box icon-box-body\">\n                <h3 class=\"title\">Micro (Niveau Individuel)<\/h3><p class=\"icon-box-description\">Nous facilitons la prise de conscience personnelle, en favorisant l'agilit\u00e9 mentale pour lib\u00e9rer le potentiel d'action consciente.<\/p>\n            <\/div>\n            \n            <\/div><\/div>\t\t\t\t<\/div>\n\t\t\t\t<\/div>\n\t\t\t\t<\/div>\n\t\t<div class=\"elementor-element elementor-element-38ba2af e-con-full e-flex e-con e-child\" data-id=\"38ba2af\" data-element_type=\"container\" data-e-type=\"container\">\n\t\t\t\t<div class=\"elementor-element elementor-element-0e3e5a2 jkit-equal-height-disable elementor-widget elementor-widget-jkit_icon_box\" data-id=\"0e3e5a2\" data-element_type=\"widget\" data-e-type=\"widget\" data-widget_type=\"jkit_icon_box.default\">\n\t\t\t\t<div class=\"elementor-widget-container\">\n\t\t\t\t\t<div  class=\"jeg-elementor-kit jkit-icon-box icon-position- elementor-animation-float jeg_module__1_6a0981eac71b3\" ><div class=\"jkit-icon-box-wrapper hover-from-left\"><div class=\"icon-box icon-box-header elementor-animation-float\"><div class=\"icon style-gradient\"><img fetchpriority=\"high\" decoding=\"async\" width=\"512\" height=\"512\" src=\"https:\/\/morpheose.com\/wp-content\/uploads\/2024\/10\/network.png\" class=\"attachment-full size-full\" alt=\"Meso (Group Dynamic Level)\" url=\"https:\/\/morpheose.com\/wp-content\/uploads\/2024\/10\/network.png\" source=\"library\" srcset=\"https:\/\/morpheose.com\/wp-content\/uploads\/2024\/10\/network.png 512w, https:\/\/morpheose.com\/wp-content\/uploads\/2024\/10\/network-300x300.png 300w, https:\/\/morpheose.com\/wp-content\/uploads\/2024\/10\/network-150x150.png 150w\" sizes=\"(max-width: 512px) 100vw, 512px\" \/><\/div><\/div><div class=\"icon-box icon-box-body\">\n                <h3 class=\"title\">M\u00e9so (Niveau Dynamique de Groupe)<\/h3><p class=\"icon-box-description\">Nous am\u00e9liorons les interactions de groupe en \u00e9quilibrant les engagements \u00e9motionnels et cognitifs pour favoriser un tissu social plus sain.<\/p>\n            <\/div>\n            \n            <\/div><\/div>\t\t\t\t<\/div>\n\t\t\t\t<\/div>\n\t\t\t\t<\/div>\n\t\t<div class=\"elementor-element elementor-element-41eb861 e-con-full e-flex e-con e-child\" data-id=\"41eb861\" data-element_type=\"container\" data-e-type=\"container\">\n\t\t\t\t<div class=\"elementor-element elementor-element-f0af5d0 jkit-equal-height-disable elementor-widget elementor-widget-jkit_icon_box\" data-id=\"f0af5d0\" data-element_type=\"widget\" data-e-type=\"widget\" data-widget_type=\"jkit_icon_box.default\">\n\t\t\t\t<div class=\"elementor-widget-container\">\n\t\t\t\t\t<div  class=\"jeg-elementor-kit jkit-icon-box icon-position- elementor-animation-float jeg_module__2_6a0981eac7d29\" ><div class=\"jkit-icon-box-wrapper hover-from-left\"><div class=\"icon-box icon-box-header elementor-animation-float\"><div class=\"icon style-gradient\"><img decoding=\"async\" width=\"512\" height=\"512\" src=\"https:\/\/morpheose.com\/wp-content\/uploads\/2024\/10\/connectivity.png\" class=\"attachment-full size-full\" alt=\"Macro (Global Systems Level)\" url=\"https:\/\/morpheose.com\/wp-content\/uploads\/2024\/10\/connectivity.png\" source=\"library\" srcset=\"https:\/\/morpheose.com\/wp-content\/uploads\/2024\/10\/connectivity.png 512w, https:\/\/morpheose.com\/wp-content\/uploads\/2024\/10\/connectivity-300x300.png 300w, https:\/\/morpheose.com\/wp-content\/uploads\/2024\/10\/connectivity-150x150.png 150w\" sizes=\"(max-width: 512px) 100vw, 512px\" \/><\/div><\/div><div class=\"icon-box icon-box-body\">\n                <h3 class=\"title\">Macro (Niveau Syst\u00e8mes Globaux)<\/h3><p class=\"icon-box-description\">Nous reconnaissons nos syst\u00e8mes naturels partag\u00e9s, ce qui favorise l'harmonie avec la nature et le sentiment d'appartenance.<\/p>\n            <\/div>\n            \n            <\/div><\/div>\t\t\t\t<\/div>\n\t\t\t\t<\/div>\n\t\t\t\t<\/div>\n\t\t\t\t\t<\/div>\n\t\t\t\t<\/div>\n\t\t<div class=\"elementor-element elementor-element-3b777b0 e-flex e-con-boxed e-con e-parent\" data-id=\"3b777b0\" data-element_type=\"container\" data-e-type=\"container\">\n\t\t\t\t\t<div class=\"e-con-inner\">\n\t\t\t\t<div class=\"elementor-element elementor-element-169bb98 animated-slow elementor-invisible elementor-widget elementor-widget-heading\" data-id=\"169bb98\" data-element_type=\"widget\" data-e-type=\"widget\" data-settings=\"{&quot;_animation&quot;:&quot;fadeInUp&quot;}\" data-widget_type=\"heading.default\">\n\t\t\t\t<div class=\"elementor-widget-container\">\n\t\t\t\t\t<h2 class=\"elementor-heading-title elementor-size-default\">Embrasser le soi dialogique.\n<\/h2>\t\t\t\t<\/div>\n\t\t\t\t<\/div>\n\t\t\t\t<div class=\"elementor-element elementor-element-3e67602 elementor-widget elementor-widget-text-editor\" data-id=\"3e67602\" data-element_type=\"widget\" data-e-type=\"widget\" data-widget_type=\"text-editor.default\">\n\t\t\t\t<div class=\"elementor-widget-container\">\n\t\t\t\t\t\t\t\t\t<p>Morpheose vous invite \u00e0 explorer ce dialogue int\u00e9rieur, pour faire un choix conscient dans un monde interconnect\u00e9. Rejoignez-nous pour un voyage transformateur qui vous permettra de naviguer dans les profondeurs et les hauteurs de votre potentiel organisationnel et individuel.<\/p>\t\t\t\t\t\t\t\t<\/div>\n\t\t\t\t<\/div>\n\t\t\t\t\t<\/div>\n\t\t\t\t<\/div>\n\t\t<div class=\"elementor-element elementor-element-a954c4f e-flex e-con-boxed e-con e-parent\" data-id=\"a954c4f\" data-element_type=\"container\" data-e-type=\"container\">\n\t\t\t\t\t<div class=\"e-con-inner\">\n\t\t\t\t<div class=\"elementor-element elementor-element-f5b3444 elementor-widget__width-auto animated-slow elementor-invisible elementor-widget elementor-widget-jkit_button\" data-id=\"f5b3444\" data-element_type=\"widget\" data-e-type=\"widget\" data-settings=\"{&quot;_animation&quot;:&quot;fadeInLeft&quot;}\" data-widget_type=\"jkit_button.default\">\n\t\t\t\t<div class=\"elementor-widget-container\">\n\t\t\t\t\t<div  class=\"jeg-elementor-kit jkit-button  icon-position-before jeg_module__3_6a0981eac916a\" ><a href=\"https:\/\/morpheose.com\/fr\/book-an-appointment\/\" class=\"jkit-button-wrapper\" target=\"_blank\">R\u00e9servez votre session 1:1<\/a><\/div>\t\t\t\t<\/div>\n\t\t\t\t<\/div>\n\t\t\t\t\t<\/div>\n\t\t\t\t<\/div>\n\t\t\t\t<\/div>","protected":false},"excerpt":{"rendered":"<p>Morpheose\u2019s approach: a deeper understanding Core Principles Morpheose integrates the informed oversight of the Paraglider with the in-depth inquiry of the Scuba Diver. By adopting this dual vantage, we offer a unique lens to enhance mental clarity and strategic decision-making. First, A Journey Through History Our principles reflect a lineage of thought spanning centuries: Many [&hellip;]<\/p>\n","protected":false},"author":10,"featured_media":0,"parent":0,"menu_order":0,"comment_status":"closed","ping_status":"closed","template":"elementor_header_footer","meta":{"footnotes":""},"class_list":["post-237","page","type-page","status-publish","hentry"],"_links":{"self":[{"href":"https:\/\/morpheose.com\/fr\/wp-json\/wp\/v2\/pages\/237","targetHints":{"allow":["GET"]}}],"collection":[{"href":"https:\/\/morpheose.com\/fr\/wp-json\/wp\/v2\/pages"}],"about":[{"href":"https:\/\/morpheose.com\/fr\/wp-json\/wp\/v2\/types\/page"}],"author":[{"embeddable":true,"href":"https:\/\/morpheose.com\/fr\/wp-json\/wp\/v2\/users\/10"}],"replies":[{"embeddable":true,"href":"https:\/\/morpheose.com\/fr\/wp-json\/wp\/v2\/comments?post=237"}],"version-history":[{"count":17,"href":"https:\/\/morpheose.com\/fr\/wp-json\/wp\/v2\/pages\/237\/revisions"}],"predecessor-version":[{"id":874,"href":"https:\/\/morpheose.com\/fr\/wp-json\/wp\/v2\/pages\/237\/revisions\/874"}],"wp:attachment":[{"href":"https:\/\/morpheose.com\/fr\/wp-json\/wp\/v2\/media?parent=237"}],"curies":[{"name":"wp","href":"https:\/\/api.w.org\/{rel}","templated":true}]}}